{"id":1013,"date":"2025-09-24T16:33:57","date_gmt":"2025-09-24T14:33:57","guid":{"rendered":"https:\/\/mgspress.com\/shop\/?post_type=product&#038;p=1013"},"modified":"2025-09-24T16:33:58","modified_gmt":"2025-09-24T14:33:58","slug":"donne-tra-due-mondi","status":"publish","type":"product","link":"https:\/\/mgspress.com\/shop\/prodotto\/donne-tra-due-mondi\/","title":{"rendered":"Donne tra due mondi"},"content":{"rendered":"<p>Questo libro raccoglie diciotto ritratti di donne che hanno vissuto a Gorizia e dintorni, sul margine mutevole del confine. Sono figure che la grande storia ha relegato al silenzio, ma che hanno inciso con la loro presenza concreta: partigiane senza bandiera, esuli giuliano-dalmate, contadine, insegnanti, levatrici, migranti, bibliotecarie.La prospettiva si ispira a quella che Antonio Gramsci definiva le classi subalterne: gruppi sociali privi di voce autonoma, spesso frammentati e schiacciati dall\u2019egemonia culturale delle \u00e9lite. Dare loro parola significa restituire dignit\u00e0 e complessit\u00e0 a una citt\u00e0 di confine come Gorizia, che nel Novecento ha conosciuto divisioni, deportazioni, esodi, ma anche convivenze possibili.<\/p>\n<p>Ogni racconto \u00e8 accompagnato da un approfondimento storico che colloca le vicende personali dentro il contesto pi\u00f9 ampio: trattati internazionali, trasformazioni sociali, fratture identitarie. In questo modo la memoria individuale si intreccia con la storia collettiva, componendo una contro-narrazione capace di illuminare ci\u00f2 che la storiografia ufficiale ha oscurato.<\/p>\n<p>Un libro che restituisce voce alle donne invisibili, mostrando come la storia non sia fatta solo di trattati e guerre, ma anche di gesti quotidiani e resistenze silenziose.<\/p>\n","protected":false},"excerpt":{"rendered":"<p>Questo libro raccoglie diciotto ritratti di donne che hanno vissuto a Gorizia e dintorni, sul margine mutevole del confine. Sono figure che la grande storia ha relegato al silenzio, ma che hanno inciso con la loro presenza concreta: partigiane senza bandiera, esuli giuliano-dalmate, contadine, insegnanti, levatrici, migranti, bibliotecarie.La prospettiva si ispira a quella che Antonio &hellip;<\/p>\n<p class=\"read-more\"> <a class=\"\" href=\"https:\/\/mgspress.com\/shop\/prodotto\/donne-tra-due-mondi\/\"> <span class=\"screen-reader-text\">Donne tra due mondi<\/span> Leggi altro &raquo;<\/a><\/p>\n","protected":false},"featured_media":1014,"template":"","meta":{"site-sidebar-layout":"default","site-content-layout":"default","ast-global-header-display":"","ast-main-header-display":"","ast-hfb-above-header-display":"","ast-hfb-below-header-display":"","ast-hfb-mobile-header-display":"","site-post-title":"","ast-breadcrumbs-content":"","ast-featured-img":"","footer-sml-layout":"","theme-transparent-header-meta":"default","adv-header-id-meta":"","stick-header-meta":"","header-above-stick-meta":"","header-main-stick-meta":"","header-below-stick-meta":""},"product_brand":[],"product_cat":[33],"product_tag":[],"class_list":{"0":"post-1013","1":"product","2":"type-product","3":"status-publish","4":"has-post-thumbnail","6":"product_cat-narrativa","7":"desktop-align-left","8":"tablet-align-left","9":"mobile-align-left","11":"first","12":"instock","13":"shipping-taxable","14":"purchasable","15":"product-type-simple"},"_links":{"self":[{"href":"https:\/\/mgspress.com\/shop\/wp-json\/wp\/v2\/product\/1013","targetHints":{"allow":["GET"]}}],"collection":[{"href":"https:\/\/mgspress.com\/shop\/wp-json\/wp\/v2\/product"}],"about":[{"href":"https:\/\/mgspress.com\/shop\/wp-json\/wp\/v2\/types\/product"}],"wp:featuredmedia":[{"embeddable":true,"href":"https:\/\/mgspress.com\/shop\/wp-json\/wp\/v2\/media\/1014"}],"wp:attachment":[{"href":"https:\/\/mgspress.com\/shop\/wp-json\/wp\/v2\/media?parent=1013"}],"wp:term":[{"taxonomy":"product_brand","embeddable":true,"href":"https:\/\/mgspress.com\/shop\/wp-json\/wp\/v2\/product_brand?post=1013"},{"taxonomy":"product_cat","embeddable":true,"href":"https:\/\/mgspress.com\/shop\/wp-json\/wp\/v2\/product_cat?post=1013"},{"taxonomy":"product_tag","embeddable":true,"href":"https:\/\/mgspress.com\/shop\/wp-json\/wp\/v2\/product_tag?post=1013"}],"curies":[{"name":"wp","href":"https:\/\/api.w.org\/{rel}","templated":true}]}}